{"id":2,"date":"2012-07-02T20:28:29","date_gmt":"2012-07-02T20:28:29","guid":{"rendered":"http:\/\/www.fundabilgin.com\/?page_id=2"},"modified":"2025-04-14T00:46:04","modified_gmt":"2025-04-13T21:46:04","slug":"ornek-sayfa","status":"publish","type":"page","link":"https:\/\/www.fundabilgin.com\/?page_id=2","title":{"rendered":"Hakk\u0131mda"},"content":{"rendered":"<p>Funda Bilgin, \u0130stanbul Teknik \u00dcniversitesi\u2019nde uzun y\u0131llar boyunca idari ve teknik birimlerde profesyonel olarak g\u00f6rev alm\u0131\u015f; bu s\u00fcre\u00e7te \u00e7e\u015fitli projelerde Proje Y\u00f6neticili\u011fi ve \u00f6\u011frenci dan\u0131\u015fmanl\u0131\u011f\u0131 yapm\u0131\u015ft\u0131r. Psikoloji alan\u0131nda y\u00fcksek lisans e\u011fitimine devam eden Bilgin, ayn\u0131 zamanda \u00e7e\u015fitli terapi ekollerinde e\u011fitim almakta ve bireysel fark\u0131ndal\u0131k temelli yaz\u0131lar kaleme almaktad\u0131r. Psychology Times T\u00fcrkiye &amp; UK platformunda k\u00f6\u015fe yazarl\u0131\u011f\u0131 yapan Bilgin\u2019in \u015fiir ve d\u00fczyaz\u0131lar\u0131 farkl\u0131 mecralarda yay\u0131mlanm\u0131\u015ft\u0131r. Ki\u015fisel fark\u0131ndal\u0131k konusunda bir kitap yazmakta olan Bilgin, mizah yoluyla fark\u0131ndal\u0131k yaratmay\u0131 ama\u00e7layan bir podcast projesi \u00fczerinde de \u00e7al\u0131\u015fmaktad\u0131r. \u0130lgi alanlar\u0131 aras\u0131nda transpersonel psikoloji, varolu\u015f\u00e7u kuram, i\u00e7sel par\u00e7a \u00e7al\u0131\u015fmas\u0131, yoga ve \u015famanik yolculuklar yer almaktad\u0131r.<\/p>\n<p>\u0130leti\u015fim:<\/p>\n<p>E-mail: fundakaraaslan@gmail.com<br \/>\n\u0130nstagram: @fundakaraaslanbilgin<\/p>\n","protected":false},"excerpt":{"rendered":"<p>Funda Bilgin, \u0130stanbul Teknik \u00dcniversitesi\u2019nde uzun y\u0131llar boyunca idari ve teknik birimlerde profesyonel olarak g\u00f6rev alm\u0131\u015f; bu s\u00fcre\u00e7te \u00e7e\u015fitli projelerde Proje Y\u00f6neticili\u011fi ve \u00f6\u011frenci dan\u0131\u015fmanl\u0131\u011f\u0131 yapm\u0131\u015ft\u0131r. Psikoloji alan\u0131nda y\u00fcksek lisans e\u011fitimine devam eden Bilgin, ayn\u0131 zamanda \u00e7e\u015fitli terapi ekollerinde e\u011fitim &hellip; <a href=\"https:\/\/www.fundabilgin.com\/?page_id=2\">Okumaya devam et <span class=\"meta-nav\">&rarr;<\/span><\/a><\/p>\n","protected":false},"author":1,"featured_media":0,"parent":0,"menu_order":0,"comment_status":"open","ping_status":"open","template":"","meta":{"footnotes":""},"class_list":["post-2","page","type-page","status-publish","hentry"],"_links":{"self":[{"href":"https:\/\/www.fundabilgin.com\/index.php?rest_route=\/wp\/v2\/pages\/2","targetHints":{"allow":["GET"]}}],"collection":[{"href":"https:\/\/www.fundabilgin.com\/index.php?rest_route=\/wp\/v2\/pages"}],"about":[{"href":"https:\/\/www.fundabilgin.com\/index.php?rest_route=\/wp\/v2\/types\/page"}],"author":[{"embeddable":true,"href":"https:\/\/www.fundabilgin.com\/index.php?rest_route=\/wp\/v2\/users\/1"}],"replies":[{"embeddable":true,"href":"https:\/\/www.fundabilgin.com\/index.php?rest_route=%2Fwp%2Fv2%2Fcomments&post=2"}],"version-history":[{"count":10,"href":"https:\/\/www.fundabilgin.com\/index.php?rest_route=\/wp\/v2\/pages\/2\/revisions"}],"predecessor-version":[{"id":129,"href":"https:\/\/www.fundabilgin.com\/index.php?rest_route=\/wp\/v2\/pages\/2\/revisions\/129"}],"wp:attachment":[{"href":"https:\/\/www.fundabilgin.com\/index.php?rest_route=%2Fwp%2Fv2%2Fmedia&parent=2"}],"curies":[{"name":"wp","href":"https:\/\/api.w.org\/{rel}","templated":true}]}}